{"id":242,"date":"2020-04-02T13:59:13","date_gmt":"2020-04-02T14:59:13","guid":{"rendered":"https:\/\/kerem.fr\/?page_id=242"},"modified":"2024-04-08T22:10:47","modified_gmt":"2024-04-08T21:10:47","slug":"rabbins-de-kerem","status":"publish","type":"page","link":"https:\/\/kerem.fr\/?page_id=242","title":{"rendered":"Rabbins de Kerem"},"content":{"rendered":"\n<p>Fran\u00e7ois Gara\u00ef (<a href=\"https:\/\/www.gil.ch\/\" target=\"_blank\" rel=\"noreferrer noopener\">Communaut\u00e9 Juive Lib\u00e9rale de Gen\u00e8ve<\/a>), Pr\u00e9sident<br>Nathan Alfred (<a href=\"https:\/\/www.gil.ch\/\" target=\"_blank\" rel=\"noreferrer noopener\">Communaut\u00e9 Juive Lib\u00e9rale de Gen\u00e8ve<\/a>)<br>Ann-Ga\u00eblle Attias (<a href=\"https:\/\/judaisme-liberal-toulouse.fr\" data-type=\"link\" data-id=\"https:\/\/judaisme-liberal-toulouse.fr\">CJLT Or Ha Olam Toulouse<\/a>)<br>Pauline Bebe (<a href=\"http:\/\/www.cjl-paris.org\/\" target=\"_blank\" rel=\"noreferrer noopener\">Communaut\u00e9 juive lib\u00e9rale &#8211; Ile de France<\/a>)<br>Yann Boissi\u00e8re (<a href=\"https:\/\/judaismeenmouvement.org\/\" target=\"_blank\" rel=\"noreferrer noopener\">JEM<\/a> &#8211; Mouvement juif lib\u00e9ral de France)<br>Ha\u00efm Casas (<a href=\"https:\/\/www.mjltoulouse.com\/\" target=\"_blank\" rel=\"noreferrer noopener\">Maison du juda\u00efsme lib\u00e9ral de Toulouse<\/a>)<br>Floriane Chinsky (<a href=\"https:\/\/judaismeenmouvement.org\/\" target=\"_blank\" rel=\"noreferrer noopener\">JEM<\/a> &#8211; Surmelin &#8211; <a href=\"https:\/\/rabbinchinsky.fr\/\" target=\"_blank\" rel=\"noreferrer noopener\">Site web du Rabbin Chinsky<\/a>)<br>Tom Cohen (<a href=\"https:\/\/www.kehilatgesher.org\/\" target=\"_blank\" rel=\"noreferrer noopener\">KEHILAT GESHER, la synagogue franco-am\u00e9ricaine de Paris<\/a>)<br>Brian Doyle-Du Breuil (<a href=\"https:\/\/www.ijc.be\" data-type=\"link\" data-id=\"https:\/\/www.ijc.be\">International Jewish Center &#8211; Bruxelles<\/a>) <br>Mathias Elasri<br>Gabriel Farhi (<a href=\"http:\/\/ajtm.org\/\" target=\"_blank\" rel=\"noreferrer noopener\">Alliance pour un juda\u00efsme traditionnel et moderne<\/a>)<br>Josu\u00e9 Ferreira (<a href=\"https:\/\/www.cjlm.net\/\" target=\"_blank\" rel=\"noreferrer noopener\">Communaut\u00e9 Juive Lib\u00e9rale de Montpellier<\/a>)<br>Alexander Grodensky (<a href=\"http:\/\/www.jewish.lu\/\" target=\"_blank\" rel=\"noreferrer noopener\">Communaut\u00e9 juive lib\u00e9rale du Luxembourg<\/a>)<br>Philippe Haddad (<a href=\"https:\/\/judaismeenmouvement.org\/\" target=\"_blank\" rel=\"noreferrer noopener\">JEM<\/a> &#8211; Union Lib\u00e9rale Isra\u00e9lite de France)<br>Delphine Horvilleur (<a href=\"https:\/\/judaismeenmouvement.org\/\" target=\"_blank\" rel=\"noreferrer noopener\">JEM<\/a> &#8211; Mouvement juif lib\u00e9ral de France)<br>Jonas Jacquelin (<a href=\"https:\/\/judaismeenmouvement.org\/\" target=\"_blank\" rel=\"noreferrer noopener\">JEM<\/a> &#8211; Union Lib\u00e9rale Isra\u00e9lite de France)<br>Etienne Kerber (<a href=\"http:\/\/www.cjl-paris.org\/\" target=\"_blank\" rel=\"noreferrer noopener\">Communaut\u00e9 juive lib\u00e9rale &#8211; Ile de France<\/a>)<br>Marine de Moliner (<a href=\"https:\/\/judaismeenmouvement.org\/decouvrir\/les-synagogues\/union-juive-liberale-de-strasbourg\/\" data-type=\"link\" data-id=\"https:\/\/judaismeenmouvement.org\/decouvrir\/les-synagogues\/union-juive-liberale-de-strasbourg\/\">JEM &#8211; UJLS Strasbourg<\/a>)<br>Marc Neiger (<a href=\"https:\/\/www.beth-hillel.org\/\" target=\"_blank\" rel=\"noreferrer noopener\">Communaut\u00e9 Isra\u00e9lite Lib\u00e9rale de Belgique &#8211; Bruxelles<\/a>)<br>Ren\u00e9 Pfertzel (<a href=\"https:\/\/klsonline.org\/\" target=\"_blank\" rel=\"noreferrer noopener\">Kingston Liberal Synagogue<\/a> \u00e0 Londres)<br>Daniela Touati (<a href=\"https:\/\/www.kerenor.fr\/\" target=\"_blank\" rel=\"noreferrer noopener\">KEREN OR &#8211; Synagogue lib\u00e9rale de Lyon<\/a>)<\/p>\n\n\n\n<p><\/p>\n","protected":false},"excerpt":{"rendered":"<p>Fran\u00e7ois Gara\u00ef (Communaut\u00e9 Juive Lib\u00e9rale de Gen\u00e8ve), Pr\u00e9sidentNathan Alfred (Communaut\u00e9 Juive Lib\u00e9rale de Gen\u00e8ve)Ann-Ga\u00eblle Attias (CJLT Or Ha Olam Toulouse)Pauline Bebe (Communaut\u00e9 juive lib\u00e9rale &#8211; Ile de France)Yann Boissi\u00e8re (JEM &#8211; Mouvement juif lib\u00e9ral de France)Ha\u00efm Casas (Maison du juda\u00efsme &hellip; <a href=\"https:\/\/kerem.fr\/?page_id=242\">Continuer la lecture <span class=\"meta-nav\">&rarr;<\/span><\/a><\/p>\n","protected":false},"author":4,"featured_media":0,"parent":0,"menu_order":0,"comment_status":"closed","ping_status":"closed","template":"","meta":{"footnotes":""},"class_list":["post-242","page","type-page","status-publish","hentry"],"_links":{"self":[{"href":"https:\/\/kerem.fr\/index.php?rest_route=\/wp\/v2\/pages\/242","targetHints":{"allow":["GET"]}}],"collection":[{"href":"https:\/\/kerem.fr\/index.php?rest_route=\/wp\/v2\/pages"}],"about":[{"href":"https:\/\/kerem.fr\/index.php?rest_route=\/wp\/v2\/types\/page"}],"author":[{"embeddable":true,"href":"https:\/\/kerem.fr\/index.php?rest_route=\/wp\/v2\/users\/4"}],"replies":[{"embeddable":true,"href":"https:\/\/kerem.fr\/index.php?rest_route=%2Fwp%2Fv2%2Fcomments&post=242"}],"version-history":[{"count":18,"href":"https:\/\/kerem.fr\/index.php?rest_route=\/wp\/v2\/pages\/242\/revisions"}],"predecessor-version":[{"id":627,"href":"https:\/\/kerem.fr\/index.php?rest_route=\/wp\/v2\/pages\/242\/revisions\/627"}],"wp:attachment":[{"href":"https:\/\/kerem.fr\/index.php?rest_route=%2Fwp%2Fv2%2Fmedia&parent=242"}],"curies":[{"name":"wp","href":"https:\/\/api.w.org\/{rel}","templated":true}]}}