{"id":252,"date":"2020-04-02T14:08:22","date_gmt":"2020-04-02T15:08:22","guid":{"rendered":"https:\/\/kerem.fr\/?page_id=252"},"modified":"2020-04-06T23:06:51","modified_gmt":"2020-04-06T22:06:51","slug":"qui-sommes-nous","status":"publish","type":"page","link":"https:\/\/kerem.fr\/","title":{"rendered":"Qui sommes-nous?"},"content":{"rendered":"\n<figure class=\"wp-block-image size-large\"><img loading=\"lazy\" decoding=\"async\" width=\"1024\" height=\"439\" src=\"https:\/\/kerem.fr\/wp-content\/uploads\/2020\/04\/kerem-rabbis-2-e1586155131696-1024x439.jpg\" alt=\"\" class=\"wp-image-353\" srcset=\"https:\/\/kerem.fr\/wp-content\/uploads\/2020\/04\/kerem-rabbis-2-e1586155131696-1024x439.jpg 1024w, https:\/\/kerem.fr\/wp-content\/uploads\/2020\/04\/kerem-rabbis-2-e1586155131696-300x129.jpg 300w, https:\/\/kerem.fr\/wp-content\/uploads\/2020\/04\/kerem-rabbis-2-e1586155131696-768x330.jpg 768w, https:\/\/kerem.fr\/wp-content\/uploads\/2020\/04\/kerem-rabbis-2-e1586155131696-500x215.jpg 500w, https:\/\/kerem.fr\/wp-content\/uploads\/2020\/04\/kerem-rabbis-2-e1586155131696.jpg 1200w\" sizes=\"auto, (max-width: 1024px) 100vw, 1024px\" \/><\/figure>\n\n\n\n<p>KEREM, le Conseil des Rabbins Lib\u00e9raux, fond\u00e9 en 2012, rassemble tous les rabbins qui servent des communaut\u00e9s lib\u00e9rales en Europe francophone (Belgique, France, Luxembourg et Suisse).&nbsp;<\/p>\n\n\n\n<p>Les rabbins de KEREM sont attach\u00e9s \u00e0 une vision \u00e9volutive et dynamique du juda\u00efsme. Ils \u0153uvrent pour le d\u00e9veloppement d\u2019un juda\u00efsme fid\u00e8le \u00e0 la Tradition et ouvert au monde d\u2019aujourd\u2019hui.<\/p>\n\n\n\n<p>Les rabbins de KEREM se r\u00e9unissent pour adopter des proc\u00e9dures communes et proposer l\u2019\u00e9nonc\u00e9 de la pratique et de la philosophie du Juda\u00efsme lib\u00e9ral<\/p>\n\n\n\n<p>KEREM permet \u00e0 ses membres de mieux servir leurs communaut\u00e9s en assurant la reconnaissance mutuelle de leurs actes, en particulier en mati\u00e8re de statut.<\/p>\n\n\n\n<p>KEREM est un canal d\u2019expression propre au Juda\u00efsme Lib\u00e9ral en publiant des communiqu\u00e9s sur les questions religieuses, rituelles, sociales ou d&rsquo;actualit\u00e9.<\/p>\n","protected":false},"excerpt":{"rendered":"<p>KEREM, le Conseil des Rabbins Lib\u00e9raux, fond\u00e9 en 2012, rassemble tous les rabbins qui servent des communaut\u00e9s lib\u00e9rales en Europe francophone (Belgique, France, Luxembourg et Suisse).&nbsp; Les rabbins de KEREM sont attach\u00e9s \u00e0 une vision \u00e9volutive et dynamique du juda\u00efsme. &hellip; <a href=\"https:\/\/kerem.fr\/\">Continuer la lecture <span class=\"meta-nav\">&rarr;<\/span><\/a><\/p>\n","protected":false},"author":4,"featured_media":0,"parent":0,"menu_order":0,"comment_status":"closed","ping_status":"closed","template":"","meta":{"footnotes":""},"class_list":["post-252","page","type-page","status-publish","hentry"],"_links":{"self":[{"href":"https:\/\/kerem.fr\/index.php?rest_route=\/wp\/v2\/pages\/252","targetHints":{"allow":["GET"]}}],"collection":[{"href":"https:\/\/kerem.fr\/index.php?rest_route=\/wp\/v2\/pages"}],"about":[{"href":"https:\/\/kerem.fr\/index.php?rest_route=\/wp\/v2\/types\/page"}],"author":[{"embeddable":true,"href":"https:\/\/kerem.fr\/index.php?rest_route=\/wp\/v2\/users\/4"}],"replies":[{"embeddable":true,"href":"https:\/\/kerem.fr\/index.php?rest_route=%2Fwp%2Fv2%2Fcomments&post=252"}],"version-history":[{"count":7,"href":"https:\/\/kerem.fr\/index.php?rest_route=\/wp\/v2\/pages\/252\/revisions"}],"predecessor-version":[{"id":395,"href":"https:\/\/kerem.fr\/index.php?rest_route=\/wp\/v2\/pages\/252\/revisions\/395"}],"wp:attachment":[{"href":"https:\/\/kerem.fr\/index.php?rest_route=%2Fwp%2Fv2%2Fmedia&parent=252"}],"curies":[{"name":"wp","href":"https:\/\/api.w.org\/{rel}","templated":true}]}}