{"id":4,"date":"2012-03-18T13:46:54","date_gmt":"2012-03-18T14:46:54","guid":{"rendered":"http:\/\/kerem.fr\/?page_id=4"},"modified":"2012-03-27T11:41:02","modified_gmt":"2012-03-27T12:41:02","slug":"about","status":"publish","type":"page","link":"https:\/\/kerem.fr\/?page_id=4","title":{"rendered":"About"},"content":{"rendered":"<h1>Membres-fondateurs de KeReM\u00a0\/ Council of French Liberal Rabbis :<\/h1>\n<p>Rabbin Nathan ALFRED &#8211; (<a title=\"The Jewish Community of Luxembourg in Esch-sur-Alzette\" href=\"http:\/\/www.jewish.lu\/\" target=\"_blank\">Communaut\u00e9 Isra\u00e9lite d&rsquo;Esch-sur-Alzette<\/a>, <a title=\"International Jewish Center of Belgium\" href=\"http:\/\/www.ijc.be\/\" target=\"_blank\">Luxembourg &amp; International Jewish Center of Belgium<\/a>)<br \/>\nRabbin Pauline BEBE &#8211; (<a title=\"La communaut\u00e9 juive lib\u00e9rale d'Ile-de-France\" href=\"http:\/\/www.cjl-paris.org\/\" target=\"_blank\">Communaut\u00e9 Juive Lib\u00e9rale-Ile de France<\/a>)<br \/>\nRabbin Stephen BERKOWITZ &#8211; (<a title=\"Mouvement Lib\u00e9ral de France\" href=\"http:\/\/www.mjlf.org\/\" target=\"_blank\">Mouvement Juif Lib\u00e9ral de France<\/a>)<br \/>\nRabbin Tom COHEN &#8211; (<a title=\"Kehilat Gesher, Trilingual Reform and Conservative Jewish Community in Paris\" href=\"http:\/\/www.kehilatgesher.org\/wp\/?lang=en\" target=\"_blank\">Kehilat Gesher, Communaut\u00e9 Juive Lib\u00e9rale trilingue de Paris<\/a>)<br \/>\nRabbin Fran\u00e7ois GARAI &#8211; (<a title=\"Communaut\u00e9 Isra\u00e9lite Lib\u00e9rale de Gen\u00e8ve\" href=\"http:\/\/www.gil.ch\/sites\/gil\/Pages\/accueil.aspx\" target=\"_blank\">Communaut\u00e9 Isra\u00e9lite Lib\u00e9rale de Gen\u00e8ve-GIL<\/a>)<br \/>\nRabbin Delphine HORVILLEUR &#8211; (<a title=\"Mouvement Juif Lib\u00e9ral de France\" href=\"http:\/\/www.mjlf.org\/\" target=\"_blank\">Mouvement Juif Lib\u00e9ral de France<\/a>)<br \/>\nRabbin C\u00e9lia SURGET &#8211; (<a title=\"Radlett &amp; Bushey Reform Synagogue\" href=\"http:\/\/www.rbrs.org.uk\" target=\"_blank\">Radlett and Bushey Reform Synagogue<\/a>)<br \/>\nRabbin Micha\u00ebl WILLIAMS &#8211; (<a title=\"ULIF - Union Lib\u00e9ral Isra\u00e9lite de France - Copernic\" href=\"http:\/\/www.ulif.com\/\" target=\"_blank\">Union Lib\u00e9rale Isra\u00e9lite de France<\/a>)<\/p>\n<p>Pr\u00e9sident : Rabbin Fran\u00e7ois Gara\u00ef<br \/>\nVice-pr\u00e9sident : Rabbin Nathan Alfred<br \/>\nTr\u00e9sorier : Rabbin Tom Cohen<br \/>\nSecr\u00e9taire G\u00e9n\u00e9rale : Rabbin Horvilleur<\/p>\n<p>Commission d\u2019\u00e9thique : Rabbins Bebe, Cohen et Horvilleur<br \/>\nCommission r\u00e8glement : Rabbins Berkowitz et Gara\u00ef<\/p>\n","protected":false},"excerpt":{"rendered":"<p>Membres-fondateurs de KeReM\u00a0\/ Council of French Liberal Rabbis : Rabbin Nathan ALFRED &#8211; (Communaut\u00e9 Isra\u00e9lite d&rsquo;Esch-sur-Alzette, Luxembourg &amp; International Jewish Center of Belgium) Rabbin Pauline BEBE &#8211; (Communaut\u00e9 Juive Lib\u00e9rale-Ile de France) Rabbin Stephen BERKOWITZ &#8211; (Mouvement Juif Lib\u00e9ral de &hellip; <a href=\"https:\/\/kerem.fr\/?page_id=4\">Continuer la lecture <span class=\"meta-nav\">&rarr;<\/span><\/a><\/p>\n","protected":false},"author":1,"featured_media":0,"parent":0,"menu_order":0,"comment_status":"closed","ping_status":"closed","template":"","meta":{"footnotes":""},"class_list":["post-4","page","type-page","status-publish","hentry"],"_links":{"self":[{"href":"https:\/\/kerem.fr\/index.php?rest_route=\/wp\/v2\/pages\/4","targetHints":{"allow":["GET"]}}],"collection":[{"href":"https:\/\/kerem.fr\/index.php?rest_route=\/wp\/v2\/pages"}],"about":[{"href":"https:\/\/kerem.fr\/index.php?rest_route=\/wp\/v2\/types\/page"}],"author":[{"embeddable":true,"href":"https:\/\/kerem.fr\/index.php?rest_route=\/wp\/v2\/users\/1"}],"replies":[{"embeddable":true,"href":"https:\/\/kerem.fr\/index.php?rest_route=%2Fwp%2Fv2%2Fcomments&post=4"}],"version-history":[{"count":15,"href":"https:\/\/kerem.fr\/index.php?rest_route=\/wp\/v2\/pages\/4\/revisions"}],"predecessor-version":[{"id":19,"href":"https:\/\/kerem.fr\/index.php?rest_route=\/wp\/v2\/pages\/4\/revisions\/19"}],"wp:attachment":[{"href":"https:\/\/kerem.fr\/index.php?rest_route=%2Fwp%2Fv2%2Fmedia&parent=4"}],"curies":[{"name":"wp","href":"https:\/\/api.w.org\/{rel}","templated":true}]}}